{"id":85,"date":"2019-10-18T11:02:57","date_gmt":"2019-10-18T11:02:57","guid":{"rendered":"https:\/\/blogs2.uef.fi\/uefcommerciallaw\/?page_id=85"},"modified":"2019-10-21T08:47:45","modified_gmt":"2019-10-21T08:47:45","slug":"etusivu","status":"publish","type":"page","link":"https:\/\/blogs2.uef.fi\/uefcommerciallaw\/etusivu\/?lang=fi","title":{"rendered":"Kauppaoikeuden ja Kansainv\u00e4lisen Kauppaoikeuden Tutkimusryhm\u00e4"},"content":{"rendered":"<p>Tutkimuksemme kohdistuu kaupank\u00e4ynnin muuttuvaan s\u00e4\u00e4ntelykehykseen kansallisella ja kansainv\u00e4lisell\u00e4 tasolla. Keskitymme erityisesti lains\u00e4\u00e4d\u00e4nn\u00f6n ja kaupank\u00e4ynnin rooliin talouden kehitt\u00e4misess\u00e4, huomioiden erilaisten kansainv\u00e4listen s\u00e4\u00e4d\u00f6sten ja sopimusten vaikutus kansalliseen lains\u00e4\u00e4d\u00e4nt\u00f6\u00f6n sek\u00e4 lains\u00e4\u00e4t\u00e4j\u00e4n mahdollisuuksiin ohjata toimijoita ja v\u00e4hent\u00e4\u00e4 kaupank\u00e4yntiin liittyvi\u00e4 riskej\u00e4.<\/p>\n<p>Teknologia on viime vuosina kehittynyt huomattavasti nopeammin kuin lains\u00e4\u00e4d\u00e4nt\u00f6, joka on suunniteltu vastaamaan ensisijaisesti fyysisten tuotteiden ja palveluiden kaupan tarpeisiin. Digitalisaatio ei kuitenkaan korvaa, vaan muuttaa kansainv\u00e4lisi\u00e4 kaupank\u00e4ynnin ketjuja, ja luo mahdollisuuksia uudenlaisille yritysinnovaatioille. Fyysisten tuotteiden kauppa ei siis ole menett\u00e4nyt merkityst\u00e4\u00e4n, mutta kaupank\u00e4ynti keskittyy yh\u00e4 enemm\u00e4n digitaaliseen sis\u00e4lt\u00f6\u00f6n ja palvelutalouteen. Tutkimuksemme kohdistuu kaupallisen s\u00e4\u00e4ntelyn harmaalle alueelle ja lain soveltamisalan aukkoihin. Temaattisesti huomiomme on kiinnittynyt erityisesti aineettomiin oikeuksiin, elintarvikelains\u00e4\u00e4d\u00e4nt\u00f6\u00f6n ja yritysoikeuteen.<\/p>\n<p>Immateriaalioikeuksien osalta keskitymme rikollisuuden valvontaan ja valvontamenetelmien hy\u00f6dynt\u00e4miseen kaupank\u00e4ynnin, erityisesti innovatiivisten PK yritysten, tukemiseksi kansainv\u00e4lisill\u00e4 markkinoilla. Elintarvikekehityst\u00e4 koskevaan s\u00e4\u00e4ntelyyn kohdistuvan tutkimuksemme tavoitteena on puolestaan tukea elintarviketurvallisuuden ja kest\u00e4vien toimintamallien kehitt\u00e4mist\u00e4. T\u00e4lt\u00e4 osin talouden kehityst\u00e4 uhkaavat erityisesti elintarviketurvallisuuteen liittyv\u00e4t riskit, valvontapisteiden puuttuminen sek\u00e4 elintarvikehuijaukset. Lis\u00e4ksi nopeat ja ennakoimattomat muutokset markkinoilla ja tuotteissa vaikuttavat yritysten p\u00e4\u00e4t\u00f6stentekoon ja vastuukysymyksiin.<\/p>\n<p>Tutkimusty\u00f6n ohella tutkimusryhm\u00e4 tarjoaa opetusta It\u00e4-Suomen yliopiston oikeustieteiden laitoksella. Opetusta on tarjolla sek\u00e4 paikan p\u00e4\u00e4ll\u00e4 yliopiston kampuksella ett\u00e4 verkkoalustoilla, aiheista kuten kauppaoikeus, internetoikeus, elintarvikeoikeus, immateriaalioikeudet, kansainv\u00e4linen kauppa sek\u00e4 vertaileva oikeustiede.<\/p>\n","protected":false},"excerpt":{"rendered":"<p>Tutkimuksemme kohdistuu kaupank\u00e4ynnin muuttuvaan s\u00e4\u00e4ntelykehykseen kansallisella ja kansainv\u00e4lisell\u00e4 tasolla. Keskitymme erityisesti lains\u00e4\u00e4d\u00e4nn\u00f6n ja kaupank\u00e4ynnin rooliin talouden kehitt\u00e4misess\u00e4, huomioiden erilaisten kansainv\u00e4listen s\u00e4\u00e4d\u00f6sten ja sopimusten vaikutus kansalliseen lains\u00e4\u00e4d\u00e4nt\u00f6\u00f6n sek\u00e4 lains\u00e4\u00e4t\u00e4j\u00e4n mahdollisuuksiin ohjata toimijoita ja v\u00e4hent\u00e4\u00e4 kaupank\u00e4yntiin liittyvi\u00e4 riskej\u00e4. Teknologia on viime vuosina kehittynyt huomattavasti nopeammin kuin lains\u00e4\u00e4d\u00e4nt\u00f6, joka on suunniteltu vastaamaan ensisijaisesti fyysisten tuotteiden ja palveluiden kaupan [&hellip;]<\/p>\n","protected":false},"author":1,"featured_media":0,"parent":0,"menu_order":0,"comment_status":"closed","ping_status":"closed","template":"sidebar-page.php","meta":{"_acf_changed":false,"footnotes":""},"class_list":["post-85","page","type-page","status-publish","hentry"],"acf":[],"yoast_head":"<!-- This site is optimized with the Yoast SEO plugin v27.3 - https:\/\/yoast.com\/product\/yoast-seo-wordpress\/ -->\n<title>Kauppaoikeuden ja Kansainv\u00e4lisen Kauppaoikeuden Tutkimusryhm\u00e4 - UEF Commercial Law<\/title>\n<meta name=\"robots\" content=\"index, follow, max-snippet:-1, max-image-preview:large, max-video-preview:-1\" \/>\n<link rel=\"canonical\" href=\"https:\/\/blogs2.uef.fi\/uefcommerciallaw\/?lang=fi\" \/>\n<meta property=\"og:locale\" content=\"en_US\" \/>\n<meta property=\"og:type\" content=\"article\" \/>\n<meta property=\"og:title\" content=\"Kauppaoikeuden ja Kansainv\u00e4lisen Kauppaoikeuden Tutkimusryhm\u00e4 - UEF Commercial Law\" \/>\n<meta property=\"og:description\" content=\"Tutkimuksemme kohdistuu kaupank\u00e4ynnin muuttuvaan s\u00e4\u00e4ntelykehykseen kansallisella ja kansainv\u00e4lisell\u00e4 tasolla. Keskitymme erityisesti lains\u00e4\u00e4d\u00e4nn\u00f6n ja kaupank\u00e4ynnin rooliin talouden kehitt\u00e4misess\u00e4, huomioiden erilaisten kansainv\u00e4listen s\u00e4\u00e4d\u00f6sten ja sopimusten vaikutus kansalliseen lains\u00e4\u00e4d\u00e4nt\u00f6\u00f6n sek\u00e4 lains\u00e4\u00e4t\u00e4j\u00e4n mahdollisuuksiin ohjata toimijoita ja v\u00e4hent\u00e4\u00e4 kaupank\u00e4yntiin liittyvi\u00e4 riskej\u00e4. Teknologia on viime vuosina kehittynyt huomattavasti nopeammin kuin lains\u00e4\u00e4d\u00e4nt\u00f6, joka on suunniteltu vastaamaan ensisijaisesti fyysisten tuotteiden ja palveluiden kaupan [&hellip;]\" \/>\n<meta property=\"og:url\" content=\"https:\/\/blogs2.uef.fi\/uefcommerciallaw\/?lang=fi\" \/>\n<meta property=\"og:site_name\" content=\"UEF Commercial Law\" \/>\n<meta property=\"article:modified_time\" content=\"2019-10-21T08:47:45+00:00\" \/>\n<meta name=\"twitter:card\" content=\"summary_large_image\" \/>\n<meta name=\"twitter:label1\" content=\"Est. reading time\" \/>\n\t<meta name=\"twitter:data1\" content=\"1 minute\" \/>\n<script type=\"application\/ld+json\" class=\"yoast-schema-graph\">{\"@context\":\"https:\\\/\\\/schema.org\",\"@graph\":[{\"@type\":\"WebPage\",\"@id\":\"https:\\\/\\\/blogs2.uef.fi\\\/uefcommerciallaw\\\/?lang=fi\",\"url\":\"https:\\\/\\\/blogs2.uef.fi\\\/uefcommerciallaw\\\/?lang=fi\",\"name\":\"Kauppaoikeuden ja Kansainv\u00e4lisen Kauppaoikeuden Tutkimusryhm\u00e4 - UEF Commercial Law\",\"isPartOf\":{\"@id\":\"https:\\\/\\\/blogs2.uef.fi\\\/uefcommerciallaw\\\/#website\"},\"datePublished\":\"2019-10-18T11:02:57+00:00\",\"dateModified\":\"2019-10-21T08:47:45+00:00\",\"breadcrumb\":{\"@id\":\"https:\\\/\\\/blogs2.uef.fi\\\/uefcommerciallaw\\\/?lang=fi#breadcrumb\"},\"inLanguage\":\"en-US\",\"potentialAction\":[{\"@type\":\"ReadAction\",\"target\":[\"https:\\\/\\\/blogs2.uef.fi\\\/uefcommerciallaw\\\/?lang=fi\"]}]},{\"@type\":\"BreadcrumbList\",\"@id\":\"https:\\\/\\\/blogs2.uef.fi\\\/uefcommerciallaw\\\/?lang=fi#breadcrumb\",\"itemListElement\":[{\"@type\":\"ListItem\",\"position\":1,\"name\":\"Home\",\"item\":\"https:\\\/\\\/blogs2.uef.fi\\\/uefcommerciallaw\\\/\"},{\"@type\":\"ListItem\",\"position\":2,\"name\":\"Kauppaoikeuden ja Kansainv\u00e4lisen Kauppaoikeuden Tutkimusryhm\u00e4\"}]},{\"@type\":\"WebSite\",\"@id\":\"https:\\\/\\\/blogs2.uef.fi\\\/uefcommerciallaw\\\/#website\",\"url\":\"https:\\\/\\\/blogs2.uef.fi\\\/uefcommerciallaw\\\/\",\"name\":\"UEF Commercial Law\",\"description\":\"\",\"potentialAction\":[{\"@type\":\"SearchAction\",\"target\":{\"@type\":\"EntryPoint\",\"urlTemplate\":\"https:\\\/\\\/blogs2.uef.fi\\\/uefcommerciallaw\\\/?s={search_term_string}\"},\"query-input\":{\"@type\":\"PropertyValueSpecification\",\"valueRequired\":true,\"valueName\":\"search_term_string\"}}],\"inLanguage\":\"en-US\"}]}<\/script>\n<!-- \/ Yoast SEO plugin. -->","yoast_head_json":{"title":"Kauppaoikeuden ja Kansainv\u00e4lisen Kauppaoikeuden Tutkimusryhm\u00e4 - UEF Commercial Law","robots":{"index":"index","follow":"follow","max-snippet":"max-snippet:-1","max-image-preview":"max-image-preview:large","max-video-preview":"max-video-preview:-1"},"canonical":"https:\/\/blogs2.uef.fi\/uefcommerciallaw\/?lang=fi","og_locale":"en_US","og_type":"article","og_title":"Kauppaoikeuden ja Kansainv\u00e4lisen Kauppaoikeuden Tutkimusryhm\u00e4 - UEF Commercial Law","og_description":"Tutkimuksemme kohdistuu kaupank\u00e4ynnin muuttuvaan s\u00e4\u00e4ntelykehykseen kansallisella ja kansainv\u00e4lisell\u00e4 tasolla. Keskitymme erityisesti lains\u00e4\u00e4d\u00e4nn\u00f6n ja kaupank\u00e4ynnin rooliin talouden kehitt\u00e4misess\u00e4, huomioiden erilaisten kansainv\u00e4listen s\u00e4\u00e4d\u00f6sten ja sopimusten vaikutus kansalliseen lains\u00e4\u00e4d\u00e4nt\u00f6\u00f6n sek\u00e4 lains\u00e4\u00e4t\u00e4j\u00e4n mahdollisuuksiin ohjata toimijoita ja v\u00e4hent\u00e4\u00e4 kaupank\u00e4yntiin liittyvi\u00e4 riskej\u00e4. Teknologia on viime vuosina kehittynyt huomattavasti nopeammin kuin lains\u00e4\u00e4d\u00e4nt\u00f6, joka on suunniteltu vastaamaan ensisijaisesti fyysisten tuotteiden ja palveluiden kaupan [&hellip;]","og_url":"https:\/\/blogs2.uef.fi\/uefcommerciallaw\/?lang=fi","og_site_name":"UEF Commercial Law","article_modified_time":"2019-10-21T08:47:45+00:00","twitter_card":"summary_large_image","twitter_misc":{"Est. reading time":"1 minute"},"schema":{"@context":"https:\/\/schema.org","@graph":[{"@type":"WebPage","@id":"https:\/\/blogs2.uef.fi\/uefcommerciallaw\/?lang=fi","url":"https:\/\/blogs2.uef.fi\/uefcommerciallaw\/?lang=fi","name":"Kauppaoikeuden ja Kansainv\u00e4lisen Kauppaoikeuden Tutkimusryhm\u00e4 - UEF Commercial Law","isPartOf":{"@id":"https:\/\/blogs2.uef.fi\/uefcommerciallaw\/#website"},"datePublished":"2019-10-18T11:02:57+00:00","dateModified":"2019-10-21T08:47:45+00:00","breadcrumb":{"@id":"https:\/\/blogs2.uef.fi\/uefcommerciallaw\/?lang=fi#breadcrumb"},"inLanguage":"en-US","potentialAction":[{"@type":"ReadAction","target":["https:\/\/blogs2.uef.fi\/uefcommerciallaw\/?lang=fi"]}]},{"@type":"BreadcrumbList","@id":"https:\/\/blogs2.uef.fi\/uefcommerciallaw\/?lang=fi#breadcrumb","itemListElement":[{"@type":"ListItem","position":1,"name":"Home","item":"https:\/\/blogs2.uef.fi\/uefcommerciallaw\/"},{"@type":"ListItem","position":2,"name":"Kauppaoikeuden ja Kansainv\u00e4lisen Kauppaoikeuden Tutkimusryhm\u00e4"}]},{"@type":"WebSite","@id":"https:\/\/blogs2.uef.fi\/uefcommerciallaw\/#website","url":"https:\/\/blogs2.uef.fi\/uefcommerciallaw\/","name":"UEF Commercial Law","description":"","potentialAction":[{"@type":"SearchAction","target":{"@type":"EntryPoint","urlTemplate":"https:\/\/blogs2.uef.fi\/uefcommerciallaw\/?s={search_term_string}"},"query-input":{"@type":"PropertyValueSpecification","valueRequired":true,"valueName":"search_term_string"}}],"inLanguage":"en-US"}]}},"_links":{"self":[{"href":"https:\/\/blogs2.uef.fi\/uefcommerciallaw\/wp-json\/wp\/v2\/pages\/85","targetHints":{"allow":["GET"]}}],"collection":[{"href":"https:\/\/blogs2.uef.fi\/uefcommerciallaw\/wp-json\/wp\/v2\/pages"}],"about":[{"href":"https:\/\/blogs2.uef.fi\/uefcommerciallaw\/wp-json\/wp\/v2\/types\/page"}],"author":[{"embeddable":true,"href":"https:\/\/blogs2.uef.fi\/uefcommerciallaw\/wp-json\/wp\/v2\/users\/1"}],"replies":[{"embeddable":true,"href":"https:\/\/blogs2.uef.fi\/uefcommerciallaw\/wp-json\/wp\/v2\/comments?post=85"}],"version-history":[{"count":2,"href":"https:\/\/blogs2.uef.fi\/uefcommerciallaw\/wp-json\/wp\/v2\/pages\/85\/revisions"}],"predecessor-version":[{"id":153,"href":"https:\/\/blogs2.uef.fi\/uefcommerciallaw\/wp-json\/wp\/v2\/pages\/85\/revisions\/153"}],"wp:attachment":[{"href":"https:\/\/blogs2.uef.fi\/uefcommerciallaw\/wp-json\/wp\/v2\/media?parent=85"}],"curies":[{"name":"wp","href":"https:\/\/api.w.org\/{rel}","templated":true}]}}