{"id":18,"date":"2023-02-08T08:03:50","date_gmt":"2023-02-08T08:03:50","guid":{"rendered":"https:\/\/blogs2.uef.fi\/wpmltesti\/?page_id=18"},"modified":"2024-11-28T10:48:28","modified_gmt":"2024-11-28T10:48:28","slug":"suomeksi","status":"publish","type":"page","link":"https:\/\/blogs2.uef.fi\/wpmltesti\/suomeksi\/","title":{"rendered":"Suomeksi"},"content":{"rendered":"\n<p>teksti\u00e4 suomeksi, milt\u00e4h\u00e4n t\u00e4m\u00e4 n\u00e4ytt\u00e4\u00e4 englanniksi k\u00e4\u00e4nnettyn\u00e4<\/p>\n","protected":false},"excerpt":{"rendered":"<p>teksti\u00e4 suomeksi, milt\u00e4h\u00e4n t\u00e4m\u00e4 n\u00e4ytt\u00e4\u00e4 englanniksi k\u00e4\u00e4nnettyn\u00e4<\/p>\n","protected":false},"author":1,"featured_media":0,"parent":0,"menu_order":0,"comment_status":"closed","ping_status":"closed","template":"","meta":{"_acf_changed":false,"footnotes":""},"class_list":["post-18","page","type-page","status-publish","hentry"],"acf":[],"yoast_head":"<!-- This site is optimized with the Yoast SEO plugin v27.1.1 - https:\/\/yoast.com\/product\/yoast-seo-wordpress\/ -->\n<title>Suomeksi - wpmltesti<\/title>\n<meta name=\"robots\" content=\"index, follow, max-snippet:-1, max-image-preview:large, max-video-preview:-1\" \/>\n<link rel=\"canonical\" href=\"https:\/\/blogs2.uef.fi\/wpmltesti\/suomeksi\/\" \/>\n<meta property=\"og:locale\" content=\"fi_FI\" \/>\n<meta property=\"og:type\" content=\"article\" \/>\n<meta property=\"og:title\" content=\"Suomeksi - wpmltesti\" \/>\n<meta property=\"og:description\" content=\"teksti\u00e4 suomeksi, milt\u00e4h\u00e4n t\u00e4m\u00e4 n\u00e4ytt\u00e4\u00e4 englanniksi k\u00e4\u00e4nnettyn\u00e4\" \/>\n<meta property=\"og:url\" content=\"https:\/\/blogs2.uef.fi\/wpmltesti\/suomeksi\/\" \/>\n<meta property=\"og:site_name\" content=\"wpmltesti\" \/>\n<meta property=\"article:modified_time\" content=\"2024-11-28T10:48:28+00:00\" \/>\n<meta name=\"twitter:card\" content=\"summary_large_image\" \/>\n<meta name=\"twitter:label1\" content=\"Arvioitu lukuaika\" \/>\n\t<meta name=\"twitter:data1\" content=\"1 minuutti\" \/>\n<script type=\"application\/ld+json\" class=\"yoast-schema-graph\">{\"@context\":\"https:\/\/schema.org\",\"@graph\":[{\"@type\":\"WebPage\",\"@id\":\"https:\/\/blogs2.uef.fi\/wpmltesti\/suomeksi\/\",\"url\":\"https:\/\/blogs2.uef.fi\/wpmltesti\/suomeksi\/\",\"name\":\"Suomeksi - wpmltesti\",\"isPartOf\":{\"@id\":\"https:\/\/blogs2.uef.fi\/wpmltesti\/#website\"},\"datePublished\":\"2023-02-08T08:03:50+00:00\",\"dateModified\":\"2024-11-28T10:48:28+00:00\",\"breadcrumb\":{\"@id\":\"https:\/\/blogs2.uef.fi\/wpmltesti\/suomeksi\/#breadcrumb\"},\"inLanguage\":\"fi\",\"potentialAction\":[{\"@type\":\"ReadAction\",\"target\":[\"https:\/\/blogs2.uef.fi\/wpmltesti\/suomeksi\/\"]}]},{\"@type\":\"BreadcrumbList\",\"@id\":\"https:\/\/blogs2.uef.fi\/wpmltesti\/suomeksi\/#breadcrumb\",\"itemListElement\":[{\"@type\":\"ListItem\",\"position\":1,\"name\":\"Home\",\"item\":\"https:\/\/blogs2.uef.fi\/wpmltesti\/en\/\"},{\"@type\":\"ListItem\",\"position\":2,\"name\":\"Suomeksi\"}]},{\"@type\":\"WebSite\",\"@id\":\"https:\/\/blogs2.uef.fi\/wpmltesti\/#website\",\"url\":\"https:\/\/blogs2.uef.fi\/wpmltesti\/\",\"name\":\"wpmltesti\",\"description\":\"\",\"potentialAction\":[{\"@type\":\"SearchAction\",\"target\":{\"@type\":\"EntryPoint\",\"urlTemplate\":\"https:\/\/blogs2.uef.fi\/wpmltesti\/?s={search_term_string}\"},\"query-input\":{\"@type\":\"PropertyValueSpecification\",\"valueRequired\":true,\"valueName\":\"search_term_string\"}}],\"inLanguage\":\"fi\"}]}<\/script>\n<!-- \/ Yoast SEO plugin. -->","yoast_head_json":{"title":"Suomeksi - wpmltesti","robots":{"index":"index","follow":"follow","max-snippet":"max-snippet:-1","max-image-preview":"max-image-preview:large","max-video-preview":"max-video-preview:-1"},"canonical":"https:\/\/blogs2.uef.fi\/wpmltesti\/suomeksi\/","og_locale":"fi_FI","og_type":"article","og_title":"Suomeksi - wpmltesti","og_description":"teksti\u00e4 suomeksi, milt\u00e4h\u00e4n t\u00e4m\u00e4 n\u00e4ytt\u00e4\u00e4 englanniksi k\u00e4\u00e4nnettyn\u00e4","og_url":"https:\/\/blogs2.uef.fi\/wpmltesti\/suomeksi\/","og_site_name":"wpmltesti","article_modified_time":"2024-11-28T10:48:28+00:00","twitter_card":"summary_large_image","twitter_misc":{"Arvioitu lukuaika":"1 minuutti"},"schema":{"@context":"https:\/\/schema.org","@graph":[{"@type":"WebPage","@id":"https:\/\/blogs2.uef.fi\/wpmltesti\/suomeksi\/","url":"https:\/\/blogs2.uef.fi\/wpmltesti\/suomeksi\/","name":"Suomeksi - wpmltesti","isPartOf":{"@id":"https:\/\/blogs2.uef.fi\/wpmltesti\/#website"},"datePublished":"2023-02-08T08:03:50+00:00","dateModified":"2024-11-28T10:48:28+00:00","breadcrumb":{"@id":"https:\/\/blogs2.uef.fi\/wpmltesti\/suomeksi\/#breadcrumb"},"inLanguage":"fi","potentialAction":[{"@type":"ReadAction","target":["https:\/\/blogs2.uef.fi\/wpmltesti\/suomeksi\/"]}]},{"@type":"BreadcrumbList","@id":"https:\/\/blogs2.uef.fi\/wpmltesti\/suomeksi\/#breadcrumb","itemListElement":[{"@type":"ListItem","position":1,"name":"Home","item":"https:\/\/blogs2.uef.fi\/wpmltesti\/en\/"},{"@type":"ListItem","position":2,"name":"Suomeksi"}]},{"@type":"WebSite","@id":"https:\/\/blogs2.uef.fi\/wpmltesti\/#website","url":"https:\/\/blogs2.uef.fi\/wpmltesti\/","name":"wpmltesti","description":"","potentialAction":[{"@type":"SearchAction","target":{"@type":"EntryPoint","urlTemplate":"https:\/\/blogs2.uef.fi\/wpmltesti\/?s={search_term_string}"},"query-input":{"@type":"PropertyValueSpecification","valueRequired":true,"valueName":"search_term_string"}}],"inLanguage":"fi"}]}},"_links":{"self":[{"href":"https:\/\/blogs2.uef.fi\/wpmltesti\/wp-json\/wp\/v2\/pages\/18","targetHints":{"allow":["GET"]}}],"collection":[{"href":"https:\/\/blogs2.uef.fi\/wpmltesti\/wp-json\/wp\/v2\/pages"}],"about":[{"href":"https:\/\/blogs2.uef.fi\/wpmltesti\/wp-json\/wp\/v2\/types\/page"}],"author":[{"embeddable":true,"href":"https:\/\/blogs2.uef.fi\/wpmltesti\/wp-json\/wp\/v2\/users\/1"}],"replies":[{"embeddable":true,"href":"https:\/\/blogs2.uef.fi\/wpmltesti\/wp-json\/wp\/v2\/comments?post=18"}],"version-history":[{"count":2,"href":"https:\/\/blogs2.uef.fi\/wpmltesti\/wp-json\/wp\/v2\/pages\/18\/revisions"}],"predecessor-version":[{"id":146,"href":"https:\/\/blogs2.uef.fi\/wpmltesti\/wp-json\/wp\/v2\/pages\/18\/revisions\/146"}],"wp:attachment":[{"href":"https:\/\/blogs2.uef.fi\/wpmltesti\/wp-json\/wp\/v2\/media?parent=18"}],"curies":[{"name":"wp","href":"https:\/\/api.w.org\/{rel}","templated":true}]}}